{"id":9655,"date":"2019-12-23T17:01:55","date_gmt":"2019-12-23T17:01:55","guid":{"rendered":"https:\/\/www.juliebauerparis.com\/produit\/collier-demi-lune\/"},"modified":"2020-12-25T06:19:32","modified_gmt":"2020-12-25T06:19:32","slug":"collier-demi-lune","status":"publish","type":"product","link":"https:\/\/www.juliebauerparis.com\/en\/boutique\/jewelry\/collier-demi-lune\/","title":{"rendered":"Collier demie-lune"},"content":{"rendered":"<div class=\"grid kcm\">\n<div class=\"grid__item one-whole portable--auto lap--auto palm--auto\"><\/div>\n<\/div>\n","protected":false},"excerpt":{"rendered":"<div class=\"grid kcm\">\n<div class=\"grid__item one-whole portable--auto lap--auto palm--auto\">\n<div class=\"page\" title=\"Page 1\">\n<div class=\"section\">\n<div class=\"layoutArea\">\n<div class=\"column\">\n<div class=\"page\" title=\"Page 1\">\n<div class=\"section\">\n<div class=\"layoutArea\">\n<div class=\"column\">\n<p>Le collier ras de cou <strong>Demie-Lune<\/strong> est r\u00e9alis\u00e9 \u00e0 la main.<\/p>\n<p>Il est confectionn\u00e9 avec une demie-lune en pierre de quartz rose. Il est sertis de cristaux \u00e0 facettes de forme ovale. Il est id\u00e9al pour les robes de mari\u00e9e boh\u00e8mes comme nos robes Gabrielle et Mila.<br \/>\nPlusieurs coloris sont disponibles : Dor\u00e9 et quartz rose ou Dor\u00e9 et quartz bleu<\/p>\n<p><strong>DESCRIPTION<\/strong><br \/>\nTour de cou : 41 cm<br \/>\nPendentif : Hauteur 2 cm &#8211; Largeur 2 cm<br \/>\nMati\u00e8re : alliage cuivre<\/p>\n<p>Le d\u00e9lais de fabrication est de 2 jours.<br \/>\nIl est Livr\u00e9 dans son doux \u00e9crin.<\/p>\n<\/div>\n<\/div>\n<\/div>\n<\/div>\n<\/div>\n<\/div>\n<\/div>\n<\/div>\n<\/div>\n<\/div>\n","protected":false},"featured_media":9582,"comment_status":"open","ping_status":"closed","template":"","meta":[],"yoast_head":"<!-- This site is optimized with the Yoast SEO plugin v15.4 - https:\/\/yoast.com\/wordpress\/plugins\/seo\/ -->\n<title>Collier demie-lune - Julie Bauer Paris<\/title>\n<meta name=\"robots\" content=\"index, follow, max-snippet:-1, max-image-preview:large, max-video-preview:-1\" \/>\n<link rel=\"canonical\" href=\"https:\/\/www.juliebauerparis.com\/en\/boutique\/jewelry\/collier-demi-lune\/\" \/>\n<meta property=\"og:locale\" content=\"en_US\" \/>\n<meta property=\"og:type\" content=\"article\" \/>\n<meta property=\"og:title\" content=\"Collier demie-lune - Julie Bauer Paris\" \/>\n<meta property=\"og:description\" content=\"Le collier ras de cou Demie-Lune est r\u00e9alis\u00e9 \u00e0 la main.  Il est confectionn\u00e9 avec une demie-lune en pierre de quartz rose. Il est sertis de cristaux \u00e0 facettes de forme ovale. Il est id\u00e9al pour les robes de mari\u00e9e boh\u00e8mes comme nos robes Gabrielle et Mila. Plusieurs coloris sont disponibles : Dor\u00e9 et quartz rose ou Dor\u00e9 et quartz bleu  DESCRIPTION Tour de cou : 41 cm Pendentif : Hauteur 2 cm - Largeur 2 cm Mati\u00e8re : alliage cuivre  Le d\u00e9lais de fabrication est de 2 jours. Il est Livr\u00e9 dans son doux \u00e9crin.\" \/>\n<meta property=\"og:url\" content=\"https:\/\/www.juliebauerparis.com\/en\/boutique\/jewelry\/collier-demi-lune\/\" \/>\n<meta property=\"og:site_name\" content=\"Julie Bauer Paris\" \/>\n<meta property=\"article:modified_time\" content=\"2020-12-25T06:19:32+00:00\" \/>\n<meta property=\"og:image\" content=\"https:\/\/www.juliebauerparis.com\/wp-content\/uploads\/2019\/12\/IMG_300X300_72DPI_DEMI-LUNE.jpg\" \/>\n\t<meta property=\"og:image:width\" content=\"300\" \/>\n\t<meta property=\"og:image:height\" content=\"300\" \/>\n<meta name=\"twitter:card\" content=\"summary_large_image\" \/>\n<meta name=\"twitter:label1\" content=\"Written by\">\n\t<meta name=\"twitter:data1\" content=\"admin\">\n\t<meta name=\"twitter:label2\" content=\"Est. reading time\">\n\t<meta name=\"twitter:data2\" content=\"0 minutes\">\n<script type=\"application\/ld+json\" class=\"yoast-schema-graph\">{\"@context\":\"https:\/\/schema.org\",\"@graph\":[{\"@type\":\"WebSite\",\"@id\":\"https:\/\/www.juliebauerparis.com\/#website\",\"url\":\"https:\/\/www.juliebauerparis.com\/\",\"name\":\"Julie Bauer Paris\",\"description\":\"Robe de mari\\u00e9e contemporaine made in France\",\"potentialAction\":[{\"@type\":\"SearchAction\",\"target\":\"https:\/\/www.juliebauerparis.com\/?s={search_term_string}\",\"query-input\":\"required name=search_term_string\"}],\"inLanguage\":\"en-US\"},{\"@type\":\"ImageObject\",\"@id\":\"https:\/\/www.juliebauerparis.com\/en\/boutique\/jewelry\/collier-demi-lune\/#primaryimage\",\"inLanguage\":\"en-US\",\"url\":\"https:\/\/www.juliebauerparis.com\/wp-content\/uploads\/2019\/12\/IMG_300X300_72DPI_DEMI-LUNE.jpg\",\"width\":300,\"height\":300},{\"@type\":\"WebPage\",\"@id\":\"https:\/\/www.juliebauerparis.com\/en\/boutique\/jewelry\/collier-demi-lune\/#webpage\",\"url\":\"https:\/\/www.juliebauerparis.com\/en\/boutique\/jewelry\/collier-demi-lune\/\",\"name\":\"Collier demie-lune - Julie Bauer Paris\",\"isPartOf\":{\"@id\":\"https:\/\/www.juliebauerparis.com\/#website\"},\"primaryImageOfPage\":{\"@id\":\"https:\/\/www.juliebauerparis.com\/en\/boutique\/jewelry\/collier-demi-lune\/#primaryimage\"},\"datePublished\":\"2019-12-23T17:01:55+00:00\",\"dateModified\":\"2020-12-25T06:19:32+00:00\",\"inLanguage\":\"en-US\",\"potentialAction\":[{\"@type\":\"ReadAction\",\"target\":[\"https:\/\/www.juliebauerparis.com\/en\/boutique\/jewelry\/collier-demi-lune\/\"]}]}]}<\/script>\n<!-- \/ Yoast SEO plugin. -->","_links":{"self":[{"href":"https:\/\/www.juliebauerparis.com\/en\/wp-json\/wp\/v2\/product\/9655"}],"collection":[{"href":"https:\/\/www.juliebauerparis.com\/en\/wp-json\/wp\/v2\/product"}],"about":[{"href":"https:\/\/www.juliebauerparis.com\/en\/wp-json\/wp\/v2\/types\/product"}],"replies":[{"embeddable":true,"href":"https:\/\/www.juliebauerparis.com\/en\/wp-json\/wp\/v2\/comments?post=9655"}],"wp:featuredmedia":[{"embeddable":true,"href":"https:\/\/www.juliebauerparis.com\/en\/wp-json\/wp\/v2\/media\/9582"}],"wp:attachment":[{"href":"https:\/\/www.juliebauerparis.com\/en\/wp-json\/wp\/v2\/media?parent=9655"}],"curies":[{"name":"wp","href":"https:\/\/api.w.org\/{rel}","templated":true}]}}