{"id":8928,"date":"2019-12-23T16:53:41","date_gmt":"2019-12-23T16:53:41","guid":{"rendered":"https:\/\/www.juliebauerparis.com\/?post_type=product&#038;p=8928"},"modified":"2023-03-03T17:33:41","modified_gmt":"2023-03-03T17:33:41","slug":"collier-cosmos-verso","status":"publish","type":"product","link":"https:\/\/www.juliebauerparis.com\/en\/boutique\/all-items\/collier-cosmos-verso\/","title":{"rendered":"Collier robe de mariee dos nu &#8220;Cosmos Verso&#8221;"},"content":{"rendered":"<div class=\"grid kcm\">\n<div class=\"grid__item one-whole portable--auto lap--auto palm--auto\"><\/div>\n<\/div>\n","protected":false},"excerpt":{"rendered":"<div class=\"grid kcm\">\n<div class=\"grid__item one-whole portable--auto lap--auto palm--auto\">\n<div class=\"page\" title=\"Page 1\">\n<div class=\"section\">\n<div class=\"layoutArea\">\n<div class=\"column\">\n<div class=\"page\" title=\"Page 1\">\n<div class=\"section\">\n<div class=\"layoutArea\">\n<div class=\"column\">\n<p>Collier robe de mariee dos nu\u00a0<strong>Cosmos Verso<\/strong> est r\u00e9alis\u00e9 \u00e0 la main.<\/p>\n<p>Il est confectionn\u00e9 avec des cristaux \u00e0 facettes en forme de goutte et ovale. Sa fine chainette sertie de cristaux ronds \u00e0 facettes vous raviront. Il est id\u00e9al pour les robes de mari\u00e9e \u00e0 d\u00e9collet\u00e9 plongeant dans le dos comme notre robe Mathilde.<br \/>\nPlusieurs coloris sont disponibles (pour la chainette et les cristaux)<\/p>\n<p><strong>DESCRIPTION<\/strong><br \/>\nLongueur total : 70 cm<br \/>\nPendent devant : 13 cm<br \/>\nTour de cou : 44 cm<br \/>\nPendent dos : 33 cm<br \/>\nMati\u00e8res : cristaux \u00e0 facettes et alliage cuivre<\/p>\n<p>Le d\u00e9lais de fabrication est de 3 jours.<br \/>\nIl est livr\u00e9 dans son doux \u00e9crin<\/p>\n<\/div>\n<\/div>\n<\/div>\n<\/div>\n<\/div>\n<\/div>\n<\/div>\n<\/div>\n<\/div>\n<\/div>\n","protected":false},"featured_media":19455,"comment_status":"open","ping_status":"closed","template":"","meta":[],"yoast_head":"<!-- This site is optimized with the Yoast SEO plugin v15.4 - https:\/\/yoast.com\/wordpress\/plugins\/seo\/ -->\n<title>Collier robe de mariee dos nu &quot;Cosmos Verso&quot; - Julie Bauer Paris<\/title>\n<meta name=\"description\" content=\"Collier robe de mariee dos nu, collier de mariage, collier robe de mariee, colis robe dos nu, collier avec goutte au dos, collier sur mesure\" \/>\n<meta name=\"robots\" content=\"index, follow, max-snippet:-1, max-image-preview:large, max-video-preview:-1\" \/>\n<link rel=\"canonical\" href=\"https:\/\/www.juliebauerparis.com\/en\/boutique\/tous-les-articles\/collier-cosmos-verso\/\" \/>\n<meta property=\"og:locale\" content=\"en_US\" \/>\n<meta property=\"og:type\" content=\"article\" \/>\n<meta property=\"og:title\" content=\"Collier robe de mariee dos nu &quot;Cosmos Verso&quot; - Julie Bauer Paris\" \/>\n<meta property=\"og:description\" content=\"Collier robe de mariee dos nu, collier de mariage, collier robe de mariee, colis robe dos nu, collier avec goutte au dos, collier sur mesure\" \/>\n<meta property=\"og:url\" content=\"https:\/\/www.juliebauerparis.com\/boutique\/tous-les-articles\/collier-cosmos-verso\/\" \/>\n<meta property=\"og:site_name\" content=\"Julie Bauer Paris\" \/>\n<meta property=\"article:modified_time\" content=\"2023-03-03T17:33:41+00:00\" \/>\n<meta property=\"og:image\" content=\"https:\/\/www.juliebauerparis.com\/wp-content\/uploads\/2019\/12\/collier-robe-dos-nu.jpg\" \/>\n\t<meta property=\"og:image:width\" content=\"2177\" \/>\n\t<meta property=\"og:image:height\" content=\"2177\" \/>\n<meta name=\"twitter:card\" content=\"summary_large_image\" \/>\n<meta name=\"twitter:label1\" content=\"Written by\">\n\t<meta name=\"twitter:data1\" content=\"admin\">\n\t<meta name=\"twitter:label2\" content=\"Est. reading time\">\n\t<meta name=\"twitter:data2\" content=\"0 minutes\">\n<script type=\"application\/ld+json\" class=\"yoast-schema-graph\">{\"@context\":\"https:\/\/schema.org\",\"@graph\":[{\"@type\":\"WebSite\",\"@id\":\"https:\/\/www.juliebauerparis.com\/#website\",\"url\":\"https:\/\/www.juliebauerparis.com\/\",\"name\":\"Julie Bauer Paris\",\"description\":\"Robe de mari\\u00e9e contemporaine made in France\",\"potentialAction\":[{\"@type\":\"SearchAction\",\"target\":\"https:\/\/www.juliebauerparis.com\/?s={search_term_string}\",\"query-input\":\"required name=search_term_string\"}],\"inLanguage\":\"en-US\"},{\"@type\":\"ImageObject\",\"@id\":\"https:\/\/www.juliebauerparis.com\/boutique\/tous-les-articles\/collier-cosmos-verso\/#primaryimage\",\"inLanguage\":\"en-US\",\"url\":\"https:\/\/www.juliebauerparis.com\/wp-content\/uploads\/2019\/12\/collier-robe-dos-nu.jpg\",\"width\":2177,\"height\":2177},{\"@type\":\"WebPage\",\"@id\":\"https:\/\/www.juliebauerparis.com\/boutique\/tous-les-articles\/collier-cosmos-verso\/#webpage\",\"url\":\"https:\/\/www.juliebauerparis.com\/boutique\/tous-les-articles\/collier-cosmos-verso\/\",\"name\":\"Collier robe de mariee dos nu \\\"Cosmos Verso\\\" - Julie Bauer Paris\",\"isPartOf\":{\"@id\":\"https:\/\/www.juliebauerparis.com\/#website\"},\"primaryImageOfPage\":{\"@id\":\"https:\/\/www.juliebauerparis.com\/boutique\/tous-les-articles\/collier-cosmos-verso\/#primaryimage\"},\"datePublished\":\"2019-12-23T16:53:41+00:00\",\"dateModified\":\"2023-03-03T17:33:41+00:00\",\"description\":\"Collier robe de mariee dos nu, collier de mariage, collier robe de mariee, colis robe dos nu, collier avec goutte au dos, collier sur mesure\",\"inLanguage\":\"en-US\",\"potentialAction\":[{\"@type\":\"ReadAction\",\"target\":[\"https:\/\/www.juliebauerparis.com\/boutique\/tous-les-articles\/collier-cosmos-verso\/\"]}]}]}<\/script>\n<!-- \/ Yoast SEO plugin. -->","_links":{"self":[{"href":"https:\/\/www.juliebauerparis.com\/en\/wp-json\/wp\/v2\/product\/8928"}],"collection":[{"href":"https:\/\/www.juliebauerparis.com\/en\/wp-json\/wp\/v2\/product"}],"about":[{"href":"https:\/\/www.juliebauerparis.com\/en\/wp-json\/wp\/v2\/types\/product"}],"replies":[{"embeddable":true,"href":"https:\/\/www.juliebauerparis.com\/en\/wp-json\/wp\/v2\/comments?post=8928"}],"wp:featuredmedia":[{"embeddable":true,"href":"https:\/\/www.juliebauerparis.com\/en\/wp-json\/wp\/v2\/media\/19455"}],"wp:attachment":[{"href":"https:\/\/www.juliebauerparis.com\/en\/wp-json\/wp\/v2\/media?parent=8928"}],"curies":[{"name":"wp","href":"https:\/\/api.w.org\/{rel}","templated":true}]}}