{"id":8845,"date":"2019-12-10T08:46:10","date_gmt":"2019-12-10T08:46:10","guid":{"rendered":"http:\/\/www.juliebauerparis.com\/?post_type=product&#038;p=8845"},"modified":"2021-01-15T14:04:02","modified_gmt":"2021-01-15T14:04:02","slug":"voile-lana","status":"publish","type":"product","link":"https:\/\/www.juliebauerparis.com\/en\/boutique\/all-items\/voile-lana\/","title":{"rendered":"Voile de mari\u00e9e &#8220;Lana&#8221;"},"content":{"rendered":"<div class=\"grid kcm\">\n<div class=\"grid__item one-whole portable--auto lap--auto palm--auto\"><\/div>\n<\/div>\n","protected":false},"excerpt":{"rendered":"<p>Le grand voile <strong>Lana<\/strong> est r\u00e9alis\u00e9 \u00e0 la main au sein de notre Atelier-Boutique Parisien.<br \/>\nIl joue la simplicit\u00e9 avec son style \u00e9pur\u00e9.<\/p>\n<p>Il est compos\u00e9 d\u2019un panneau de tulle de 1m50m de hauteur sur 1m50 de largeur.<br \/>\nIl se fixe gr\u00e2ce \u00e0 son discret petit peigne int\u00e9gr\u00e9.<\/p>\n<p>Le d\u00e9lais de fabrication est d\u2019une semaine.<br \/>\nLivr\u00e9 dans son doux \u00e9crin.<\/p>\n","protected":false},"featured_media":9591,"comment_status":"open","ping_status":"closed","template":"","meta":[],"yoast_head":"<!-- This site is optimized with the Yoast SEO plugin v15.4 - https:\/\/yoast.com\/wordpress\/plugins\/seo\/ -->\n<title>Voile de mari\u00e9e &quot;Lana&quot; - Julie Bauer Paris<\/title>\n<meta name=\"robots\" content=\"index, follow, max-snippet:-1, max-image-preview:large, max-video-preview:-1\" \/>\n<link rel=\"canonical\" href=\"https:\/\/www.juliebauerparis.com\/en\/boutique\/voiles\/voile-lana\/\" \/>\n<meta property=\"og:locale\" content=\"en_US\" \/>\n<meta property=\"og:type\" content=\"article\" \/>\n<meta property=\"og:title\" content=\"Voile de mari\u00e9e &quot;Lana&quot; - Julie Bauer Paris\" \/>\n<meta property=\"og:description\" content=\"Le grand voile Lana est r\u00e9alis\u00e9 \u00e0 la main au sein de notre Atelier-Boutique Parisien. Il joue la simplicit\u00e9 avec son style \u00e9pur\u00e9.  Il est compos\u00e9 d\u2019un panneau de tulle de 1m50m de hauteur sur 1m50 de largeur. Il se fixe gr\u00e2ce \u00e0 son discret petit peigne int\u00e9gr\u00e9.  Le d\u00e9lais de fabrication est d\u2019une semaine. Livr\u00e9 dans son doux \u00e9crin.\" \/>\n<meta property=\"og:url\" content=\"https:\/\/www.juliebauerparis.com\/boutique\/voiles\/voile-lana\/\" \/>\n<meta property=\"og:site_name\" content=\"Julie Bauer Paris\" \/>\n<meta property=\"article:modified_time\" content=\"2021-01-15T14:04:02+00:00\" \/>\n<meta property=\"og:image\" content=\"https:\/\/www.juliebauerparis.com\/wp-content\/uploads\/2019\/12\/IMG_300X300_72DPI_LANA.jpg\" \/>\n\t<meta property=\"og:image:width\" content=\"300\" \/>\n\t<meta property=\"og:image:height\" content=\"300\" \/>\n<meta name=\"twitter:card\" content=\"summary_large_image\" \/>\n<meta name=\"twitter:label1\" content=\"Written by\">\n\t<meta name=\"twitter:data1\" content=\"admin\">\n\t<meta name=\"twitter:label2\" content=\"Est. reading time\">\n\t<meta name=\"twitter:data2\" content=\"0 minutes\">\n<script type=\"application\/ld+json\" class=\"yoast-schema-graph\">{\"@context\":\"https:\/\/schema.org\",\"@graph\":[{\"@type\":\"WebSite\",\"@id\":\"https:\/\/www.juliebauerparis.com\/#website\",\"url\":\"https:\/\/www.juliebauerparis.com\/\",\"name\":\"Julie Bauer Paris\",\"description\":\"Robe de mari\\u00e9e contemporaine made in France\",\"potentialAction\":[{\"@type\":\"SearchAction\",\"target\":\"https:\/\/www.juliebauerparis.com\/?s={search_term_string}\",\"query-input\":\"required name=search_term_string\"}],\"inLanguage\":\"en-US\"},{\"@type\":\"ImageObject\",\"@id\":\"https:\/\/www.juliebauerparis.com\/boutique\/voiles\/voile-lana\/#primaryimage\",\"inLanguage\":\"en-US\",\"url\":\"https:\/\/www.juliebauerparis.com\/wp-content\/uploads\/2019\/12\/IMG_300X300_72DPI_LANA.jpg\",\"width\":300,\"height\":300},{\"@type\":\"WebPage\",\"@id\":\"https:\/\/www.juliebauerparis.com\/boutique\/voiles\/voile-lana\/#webpage\",\"url\":\"https:\/\/www.juliebauerparis.com\/boutique\/voiles\/voile-lana\/\",\"name\":\"Voile de mari\\u00e9e \\\"Lana\\\" - Julie Bauer Paris\",\"isPartOf\":{\"@id\":\"https:\/\/www.juliebauerparis.com\/#website\"},\"primaryImageOfPage\":{\"@id\":\"https:\/\/www.juliebauerparis.com\/boutique\/voiles\/voile-lana\/#primaryimage\"},\"datePublished\":\"2019-12-10T08:46:10+00:00\",\"dateModified\":\"2021-01-15T14:04:02+00:00\",\"inLanguage\":\"en-US\",\"potentialAction\":[{\"@type\":\"ReadAction\",\"target\":[\"https:\/\/www.juliebauerparis.com\/boutique\/voiles\/voile-lana\/\"]}]}]}<\/script>\n<!-- \/ Yoast SEO plugin. -->","_links":{"self":[{"href":"https:\/\/www.juliebauerparis.com\/en\/wp-json\/wp\/v2\/product\/8845"}],"collection":[{"href":"https:\/\/www.juliebauerparis.com\/en\/wp-json\/wp\/v2\/product"}],"about":[{"href":"https:\/\/www.juliebauerparis.com\/en\/wp-json\/wp\/v2\/types\/product"}],"replies":[{"embeddable":true,"href":"https:\/\/www.juliebauerparis.com\/en\/wp-json\/wp\/v2\/comments?post=8845"}],"wp:featuredmedia":[{"embeddable":true,"href":"https:\/\/www.juliebauerparis.com\/en\/wp-json\/wp\/v2\/media\/9591"}],"wp:attachment":[{"href":"https:\/\/www.juliebauerparis.com\/en\/wp-json\/wp\/v2\/media?parent=8845"}],"curies":[{"name":"wp","href":"https:\/\/api.w.org\/{rel}","templated":true}]}}