{"id":8232,"date":"2019-09-04T17:21:44","date_gmt":"2019-09-04T17:21:44","guid":{"rendered":"http:\/\/www.juliebauerparis.com\/?post_type=product&#038;p=8232"},"modified":"2021-01-15T14:05:06","modified_gmt":"2021-01-15T14:05:06","slug":"voile-maria","status":"publish","type":"product","link":"https:\/\/www.juliebauerparis.com\/en\/boutique\/all-items\/voile-maria\/","title":{"rendered":"Voile de mari\u00e9e &#8220;Maria&#8221;"},"content":{"rendered":"<div class=\"grid kcm\">\n<div class=\"grid__item one-whole portable--auto lap--auto palm--auto\"><\/div>\n<\/div>\n","protected":false},"excerpt":{"rendered":"<p>Le grand voile <strong>Maria<\/strong> est r\u00e9alis\u00e9 \u00e0 la main au sein de notre Atelier-Boutique Parisien.<\/p>\n<p>Il est compos\u00e9 d\u2019un panneau de tulle de soie de 1m50 de hauteur sur 1m50 de largeur.<br \/>\nUn d\u00e9licat galon de dentelle est appliqu\u00e9 sur le pourtour du voile.<br \/>\nIl se fixe gr\u00e2ce \u00e0 son discret petit peigne int\u00e9gr\u00e9.<\/p>\n<p>Le d\u00e9lais de fabrication est d\u2019une semaine.<br \/>\nLivr\u00e9 dans son doux \u00e9crin.<\/p>\n","protected":false},"featured_media":9589,"comment_status":"open","ping_status":"closed","template":"","meta":[],"yoast_head":"<!-- This site is optimized with the Yoast SEO plugin v15.4 - https:\/\/yoast.com\/wordpress\/plugins\/seo\/ -->\n<title>Voile de mari\u00e9e &quot;Maria&quot; - Julie Bauer Paris<\/title>\n<meta name=\"robots\" content=\"index, follow, max-snippet:-1, max-image-preview:large, max-video-preview:-1\" \/>\n<link rel=\"canonical\" href=\"https:\/\/www.juliebauerparis.com\/en\/boutique\/voiles\/voile-maria\/\" \/>\n<meta property=\"og:locale\" content=\"en_US\" \/>\n<meta property=\"og:type\" content=\"article\" \/>\n<meta property=\"og:title\" content=\"Voile de mari\u00e9e &quot;Maria&quot; - Julie Bauer Paris\" \/>\n<meta property=\"og:description\" content=\"Le grand voile Maria est r\u00e9alis\u00e9 \u00e0 la main au sein de notre Atelier-Boutique Parisien.  Il est compos\u00e9 d\u2019un panneau de tulle de soie de 1m50 de hauteur sur 1m50 de largeur. Un d\u00e9licat galon de dentelle est appliqu\u00e9 sur le pourtour du voile. Il se fixe gr\u00e2ce \u00e0 son discret petit peigne int\u00e9gr\u00e9.  Le d\u00e9lais de fabrication est d\u2019une semaine. Livr\u00e9 dans son doux \u00e9crin.\" \/>\n<meta property=\"og:url\" content=\"https:\/\/www.juliebauerparis.com\/boutique\/voiles\/voile-maria\/\" \/>\n<meta property=\"og:site_name\" content=\"Julie Bauer Paris\" \/>\n<meta property=\"article:modified_time\" content=\"2021-01-15T14:05:06+00:00\" \/>\n<meta property=\"og:image\" content=\"https:\/\/www.juliebauerparis.com\/wp-content\/uploads\/2019\/09\/IMG_300X300_72DPI_VOILE-MARIA.jpg\" \/>\n\t<meta property=\"og:image:width\" content=\"300\" \/>\n\t<meta property=\"og:image:height\" content=\"300\" \/>\n<meta name=\"twitter:card\" content=\"summary_large_image\" \/>\n<meta name=\"twitter:label1\" content=\"Written by\">\n\t<meta name=\"twitter:data1\" content=\"admin\">\n\t<meta name=\"twitter:label2\" content=\"Est. reading time\">\n\t<meta name=\"twitter:data2\" content=\"0 minutes\">\n<script type=\"application\/ld+json\" class=\"yoast-schema-graph\">{\"@context\":\"https:\/\/schema.org\",\"@graph\":[{\"@type\":\"WebSite\",\"@id\":\"https:\/\/www.juliebauerparis.com\/#website\",\"url\":\"https:\/\/www.juliebauerparis.com\/\",\"name\":\"Julie Bauer Paris\",\"description\":\"Robe de mari\\u00e9e contemporaine made in France\",\"potentialAction\":[{\"@type\":\"SearchAction\",\"target\":\"https:\/\/www.juliebauerparis.com\/?s={search_term_string}\",\"query-input\":\"required name=search_term_string\"}],\"inLanguage\":\"en-US\"},{\"@type\":\"ImageObject\",\"@id\":\"https:\/\/www.juliebauerparis.com\/boutique\/voiles\/voile-maria\/#primaryimage\",\"inLanguage\":\"en-US\",\"url\":\"https:\/\/www.juliebauerparis.com\/wp-content\/uploads\/2019\/09\/IMG_300X300_72DPI_VOILE-MARIA.jpg\",\"width\":300,\"height\":300},{\"@type\":\"WebPage\",\"@id\":\"https:\/\/www.juliebauerparis.com\/boutique\/voiles\/voile-maria\/#webpage\",\"url\":\"https:\/\/www.juliebauerparis.com\/boutique\/voiles\/voile-maria\/\",\"name\":\"Voile de mari\\u00e9e \\\"Maria\\\" - Julie Bauer Paris\",\"isPartOf\":{\"@id\":\"https:\/\/www.juliebauerparis.com\/#website\"},\"primaryImageOfPage\":{\"@id\":\"https:\/\/www.juliebauerparis.com\/boutique\/voiles\/voile-maria\/#primaryimage\"},\"datePublished\":\"2019-09-04T17:21:44+00:00\",\"dateModified\":\"2021-01-15T14:05:06+00:00\",\"inLanguage\":\"en-US\",\"potentialAction\":[{\"@type\":\"ReadAction\",\"target\":[\"https:\/\/www.juliebauerparis.com\/boutique\/voiles\/voile-maria\/\"]}]}]}<\/script>\n<!-- \/ Yoast SEO plugin. -->","_links":{"self":[{"href":"https:\/\/www.juliebauerparis.com\/en\/wp-json\/wp\/v2\/product\/8232"}],"collection":[{"href":"https:\/\/www.juliebauerparis.com\/en\/wp-json\/wp\/v2\/product"}],"about":[{"href":"https:\/\/www.juliebauerparis.com\/en\/wp-json\/wp\/v2\/types\/product"}],"replies":[{"embeddable":true,"href":"https:\/\/www.juliebauerparis.com\/en\/wp-json\/wp\/v2\/comments?post=8232"}],"wp:featuredmedia":[{"embeddable":true,"href":"https:\/\/www.juliebauerparis.com\/en\/wp-json\/wp\/v2\/media\/9589"}],"wp:attachment":[{"href":"https:\/\/www.juliebauerparis.com\/en\/wp-json\/wp\/v2\/media?parent=8232"}],"curies":[{"name":"wp","href":"https:\/\/api.w.org\/{rel}","templated":true}]}}