{"id":19494,"date":"2023-03-03T17:34:25","date_gmt":"2023-03-03T17:34:25","guid":{"rendered":"https:\/\/www.juliebauerparis.com\/?post_type=product&#038;p=19494"},"modified":"2023-06-08T09:53:20","modified_gmt":"2023-06-08T09:53:20","slug":"voile-de-mariee","status":"publish","type":"product","link":"https:\/\/www.juliebauerparis.com\/en\/boutique\/all-items\/voile-de-mariee\/","title":{"rendered":"Voile de mari\u00e9e"},"content":{"rendered":"<div class=\"grid kcm\">\n<div class=\"grid__item one-whole portable--auto lap--auto palm--auto top-no-padding bottom-no-padding \">\n<p>&ldquo;Sofia&rdquo;<\/p>\n<\/div>\n<\/div>\n","protected":false},"excerpt":{"rendered":"<div class=\"grid kcm\">\n<div class=\"grid__item one-whole portable--auto lap--auto palm--auto\">\n<div class=\"page\" title=\"Page 1\">\n<div class=\"section\">\n<div class=\"layoutArea\">\n<div class=\"column\">\n<div class=\"page\" title=\"Page 1\">\n<div class=\"section\">\n<div class=\"layoutArea\">\n<div class=\"column\">\n<div class=\"woocommerce-product-details__short-description\">\n<p>Voile de mari\u00e9e\u00a0<strong>Sofia<\/strong> est r\u00e9alis\u00e9 \u00e0 la main au sein de notre Atelier-Boutique Parisien. Il est assorti \u00e0 la robe <strong>Sofia<\/strong> de notre collection 2023 \u00ab Diva \u00bb.<\/p>\n<p>Il est compos\u00e9 d\u2019un panneau de tulle soie de 3m de longueur sur 1m50 de largeur.<br \/>\nDe d\u00e9licates broderies de mousseline et de perles sont cousues \u00e0 la main sur le haut du voile<br \/>\nIl se fixe gr\u00e2ce \u00e0 son discret petit peigne int\u00e9gr\u00e9.<\/p>\n<p><strong>RETOUR ET ECHANGE :\u00a0<\/strong><\/p>\n<p><i>Non \u00e9changeable et non-remboursable\u00a0(selon nos conditions g\u00e9n\u00e9rales de ventes)<\/i><\/p>\n<p>Pour toutes questions nous nous tenons \u00e0 votre disposition par email \u00e0 contact@juliebauerparis.com et par t\u00e9l\u00e9phone au 06 58 81 77 70<\/p>\n<p><strong>PERSONNALISATION :\u00a0<\/strong><\/p>\n<p>Envie d&#8217;une finition particuli\u00e8re ? Tout est possible !<br \/>\nContactez nous par email \u00e0 : contact@juliebauerparis.com et nous vous enverrons un devis personnalis\u00e9.<\/p>\n<p><strong>Livraison gratuite !<\/strong><\/p>\n<p>Le d\u00e9lais de fabrication est d\u2019une semaine.<br \/>\nLivr\u00e9 dans son doux \u00e9crin<\/p>\n<\/div>\n<\/div>\n<\/div>\n<\/div>\n<\/div>\n<\/div>\n<\/div>\n<\/div>\n<\/div>\n<\/div>\n<\/div>\n","protected":false},"featured_media":19499,"comment_status":"open","ping_status":"closed","template":"","meta":[],"yoast_head":"<!-- This site is optimized with the Yoast SEO plugin v15.4 - https:\/\/yoast.com\/wordpress\/plugins\/seo\/ -->\n<title>Voile de mari\u00e9e - Julie Bauer Paris voile de mariage - voile brod\u00e9<\/title>\n<meta name=\"description\" content=\"Collier robe de mariee dos nu, collier de mariage, collier robe de mariee, colis robe dos nu, collier avec goutte au dos, collier sur mesure\" \/>\n<meta name=\"robots\" content=\"index, follow, max-snippet:-1, max-image-preview:large, max-video-preview:-1\" \/>\n<link rel=\"canonical\" href=\"https:\/\/www.juliebauerparis.com\/en\/boutique\/tous-les-articles\/voile-de-mariee\/\" \/>\n<meta property=\"og:locale\" content=\"en_US\" \/>\n<meta property=\"og:type\" content=\"article\" \/>\n<meta property=\"og:title\" content=\"Voile de mari\u00e9e - Julie Bauer Paris voile de mariage - voile brod\u00e9\" \/>\n<meta property=\"og:description\" content=\"Collier robe de mariee dos nu, collier de mariage, collier robe de mariee, colis robe dos nu, collier avec goutte au dos, collier sur mesure\" \/>\n<meta property=\"og:url\" content=\"https:\/\/www.juliebauerparis.com\/boutique\/tous-les-articles\/voile-de-mariee\/\" \/>\n<meta property=\"og:site_name\" content=\"Julie Bauer Paris\" \/>\n<meta property=\"article:modified_time\" content=\"2023-06-08T09:53:20+00:00\" \/>\n<meta property=\"og:image\" content=\"https:\/\/www.juliebauerparis.com\/wp-content\/uploads\/2023\/03\/voile-de-mariee-sofia.jpg\" \/>\n\t<meta property=\"og:image:width\" content=\"2177\" \/>\n\t<meta property=\"og:image:height\" content=\"2177\" \/>\n<meta name=\"twitter:card\" content=\"summary_large_image\" \/>\n<meta name=\"twitter:label1\" content=\"Written by\">\n\t<meta name=\"twitter:data1\" content=\"Julie Bauer\">\n\t<meta name=\"twitter:label2\" content=\"Est. reading time\">\n\t<meta name=\"twitter:data2\" content=\"0 minutes\">\n<script type=\"application\/ld+json\" class=\"yoast-schema-graph\">{\"@context\":\"https:\/\/schema.org\",\"@graph\":[{\"@type\":\"WebSite\",\"@id\":\"https:\/\/www.juliebauerparis.com\/#website\",\"url\":\"https:\/\/www.juliebauerparis.com\/\",\"name\":\"Julie Bauer Paris\",\"description\":\"Robe de mari\\u00e9e contemporaine made in France\",\"potentialAction\":[{\"@type\":\"SearchAction\",\"target\":\"https:\/\/www.juliebauerparis.com\/?s={search_term_string}\",\"query-input\":\"required name=search_term_string\"}],\"inLanguage\":\"en-US\"},{\"@type\":\"ImageObject\",\"@id\":\"https:\/\/www.juliebauerparis.com\/boutique\/tous-les-articles\/voile-de-mariee\/#primaryimage\",\"inLanguage\":\"en-US\",\"url\":\"https:\/\/www.juliebauerparis.com\/wp-content\/uploads\/2023\/03\/voile-de-mariee-sofia.jpg\",\"width\":2177,\"height\":2177},{\"@type\":\"WebPage\",\"@id\":\"https:\/\/www.juliebauerparis.com\/boutique\/tous-les-articles\/voile-de-mariee\/#webpage\",\"url\":\"https:\/\/www.juliebauerparis.com\/boutique\/tous-les-articles\/voile-de-mariee\/\",\"name\":\"Voile de mari\\u00e9e - Julie Bauer Paris voile de mariage - voile brod\\u00e9\",\"isPartOf\":{\"@id\":\"https:\/\/www.juliebauerparis.com\/#website\"},\"primaryImageOfPage\":{\"@id\":\"https:\/\/www.juliebauerparis.com\/boutique\/tous-les-articles\/voile-de-mariee\/#primaryimage\"},\"datePublished\":\"2023-03-03T17:34:25+00:00\",\"dateModified\":\"2023-06-08T09:53:20+00:00\",\"description\":\"Collier robe de mariee dos nu, collier de mariage, collier robe de mariee, colis robe dos nu, collier avec goutte au dos, collier sur mesure\",\"inLanguage\":\"en-US\",\"potentialAction\":[{\"@type\":\"ReadAction\",\"target\":[\"https:\/\/www.juliebauerparis.com\/boutique\/tous-les-articles\/voile-de-mariee\/\"]}]}]}<\/script>\n<!-- \/ Yoast SEO plugin. -->","_links":{"self":[{"href":"https:\/\/www.juliebauerparis.com\/en\/wp-json\/wp\/v2\/product\/19494"}],"collection":[{"href":"https:\/\/www.juliebauerparis.com\/en\/wp-json\/wp\/v2\/product"}],"about":[{"href":"https:\/\/www.juliebauerparis.com\/en\/wp-json\/wp\/v2\/types\/product"}],"replies":[{"embeddable":true,"href":"https:\/\/www.juliebauerparis.com\/en\/wp-json\/wp\/v2\/comments?post=19494"}],"wp:featuredmedia":[{"embeddable":true,"href":"https:\/\/www.juliebauerparis.com\/en\/wp-json\/wp\/v2\/media\/19499"}],"wp:attachment":[{"href":"https:\/\/www.juliebauerparis.com\/en\/wp-json\/wp\/v2\/media?parent=19494"}],"curies":[{"name":"wp","href":"https:\/\/api.w.org\/{rel}","templated":true}]}}